{"id":1808,"date":"2023-10-03T21:06:37","date_gmt":"2023-10-04T02:06:37","guid":{"rendered":"https:\/\/bajm-peru.com\/?page_id=1808"},"modified":"2023-10-03T21:19:27","modified_gmt":"2023-10-04T02:19:27","slug":"inscribete","status":"publish","type":"page","link":"https:\/\/bajm-peru.com\/index.php\/inscribete\/","title":{"rendered":"Inscr\u00edbete"},"content":{"rendered":"\t\t<div data-elementor-type=\"wp-page\" data-elementor-id=\"1808\" class=\"elementor elementor-1808\">\n\t\t\t\t\t\t<section class=\"elementor-section elementor-top-section elementor-element elementor-element-e128bd5 elementor-section-full_width elementor-section-height-min-height elementor-section-items-bottom elementor-section-content-bottom elementor-section-stretched elementor-section-height-default\" data-id=\"e128bd5\" data-element_type=\"section\" data-settings=\"{&quot;background_background&quot;:&quot;classic&quot;,&quot;stretch_section&quot;:&quot;section-stretched&quot;}\">\n\t\t\t\t\t\t<div class=\"elementor-container elementor-column-gap-default\">\n\t\t\t\t\t<div class=\"elementor-column elementor-col-100 elementor-top-column elementor-element elementor-element-7ea1a1b\" data-id=\"7ea1a1b\" data-element_type=\"column\">\n\t\t\t<div class=\"elementor-widget-wrap\">\n\t\t\t\t\t\t\t<\/div>\n\t\t<\/div>\n\t\t\t\t\t<\/div>\n\t\t<\/section>\n\t\t\t\t<section class=\"elementor-section elementor-top-section elementor-element elementor-element-5287be3 elementor-section-full_width elementor-section-stretched elementor-section-height-default elementor-section-height-default\" data-id=\"5287be3\" data-element_type=\"section\" data-settings=\"{&quot;stretch_section&quot;:&quot;section-stretched&quot;}\">\n\t\t\t\t\t\t\t<div class=\"elementor-background-overlay\"><\/div>\n\t\t\t\t\t\t\t<div class=\"elementor-container elementor-column-gap-default\">\n\t\t\t\t\t<div class=\"elementor-column elementor-col-100 elementor-top-column elementor-element elementor-element-50b76b9\" data-id=\"50b76b9\" data-element_type=\"column\">\n\t\t\t<div class=\"elementor-widget-wrap elementor-element-populated\">\n\t\t\t\t\t\t<div class=\"elementor-element elementor-element-cb91980 elementor-widget elementor-widget-spacer\" data-id=\"cb91980\" data-element_type=\"widget\" data-widget_type=\"spacer.default\">\n\t\t\t\t<div class=\"elementor-widget-container\">\n\t\t\t<style>\/*! elementor - v3.19.0 - 05-02-2024 *\/\n.elementor-column .elementor-spacer-inner{height:var(--spacer-size)}.e-con{--container-widget-width:100%}.e-con-inner>.elementor-widget-spacer,.e-con>.elementor-widget-spacer{width:var(--container-widget-width,var(--spacer-size));--align-self:var(--container-widget-align-self,initial);--flex-shrink:0}.e-con-inner>.elementor-widget-spacer>.elementor-widget-container,.e-con>.elementor-widget-spacer>.elementor-widget-container{height:100%;width:100%}.e-con-inner>.elementor-widget-spacer>.elementor-widget-container>.elementor-spacer,.e-con>.elementor-widget-spacer>.elementor-widget-container>.elementor-spacer{height:100%}.e-con-inner>.elementor-widget-spacer>.elementor-widget-container>.elementor-spacer>.elementor-spacer-inner,.e-con>.elementor-widget-spacer>.elementor-widget-container>.elementor-spacer>.elementor-spacer-inner{height:var(--container-widget-height,var(--spacer-size))}.e-con-inner>.elementor-widget-spacer.elementor-widget-empty,.e-con>.elementor-widget-spacer.elementor-widget-empty{position:relative;min-height:22px;min-width:22px}.e-con-inner>.elementor-widget-spacer.elementor-widget-empty .elementor-widget-empty-icon,.e-con>.elementor-widget-spacer.elementor-widget-empty .elementor-widget-empty-icon{position:absolute;top:0;bottom:0;left:0;right:0;margin:auto;padding:0;width:22px;height:22px}<\/style>\t\t<div class=\"elementor-spacer\">\n\t\t\t<div class=\"elementor-spacer-inner\"><\/div>\n\t\t<\/div>\n\t\t\t\t<\/div>\n\t\t\t\t<\/div>\n\t\t\t\t<section class=\"elementor-section elementor-inner-section elementor-element elementor-element-3593700 elementor-section-boxed elementor-section-height-default elementor-section-height-default\" data-id=\"3593700\" data-element_type=\"section\">\n\t\t\t\t\t\t<div class=\"elementor-container elementor-column-gap-extended\">\n\t\t\t\t\t<div class=\"elementor-column elementor-col-100 elementor-inner-column elementor-element elementor-element-62f3dea\" data-id=\"62f3dea\" data-element_type=\"column\">\n\t\t\t<div class=\"elementor-widget-wrap elementor-element-populated\">\n\t\t\t\t\t\t<div class=\"elementor-element elementor-element-a573d19 elementor-widget elementor-widget-heading\" data-id=\"a573d19\" data-element_type=\"widget\" data-widget_type=\"heading.default\">\n\t\t\t\t<div class=\"elementor-widget-container\">\n\t\t\t<style>\/*! elementor - v3.19.0 - 05-02-2024 *\/\n.elementor-heading-title{padding:0;margin:0;line-height:1}.elementor-widget-heading .elementor-heading-title[class*=elementor-size-]>a{color:inherit;font-size:inherit;line-height:inherit}.elementor-widget-heading .elementor-heading-title.elementor-size-small{font-size:15px}.elementor-widget-heading .elementor-heading-title.elementor-size-medium{font-size:19px}.elementor-widget-heading .elementor-heading-title.elementor-size-large{font-size:29px}.elementor-widget-heading .elementor-heading-title.elementor-size-xl{font-size:39px}.elementor-widget-heading .elementor-heading-title.elementor-size-xxl{font-size:59px}<\/style><h5 class=\"elementor-heading-title elementor-size-small\">Completa el siguiente formulario para inscribierte en el curso que deseas y recibir\u00e1s un correo con los siguientes pasos. \u00a1Nos emociona conocerte!<span data-metadata=\"<!--(figmeta)eyJmaWxlS2V5IjoiOWhCZ1ZtUXdFWTVEVFZDOTZ5RFFzTiIsInBhc3RlSUQiOjEyMjY3OTQwMjksImRhdGFUeXBlIjoic2NlbmUifQo=(\/figmeta)-->\"><\/span><\/h5>\t\t<\/div>\n\t\t\t\t<\/div>\n\t\t\t\t<div class=\"elementor-element elementor-element-c7aee7a elementor-widget elementor-widget-shortcode\" data-id=\"c7aee7a\" data-element_type=\"widget\" data-widget_type=\"shortcode.default\">\n\t\t\t\t<div class=\"elementor-widget-container\">\n\t\t\t\t\t<div class=\"elementor-shortcode\"><div class=\"everest-forms\"><div class=\"evf-container layout-two\" id=\"evf-1806\"><form id=\"evf-form-1806\" class=\"everest-form\" data-formid=\"1806\" data-ajax_submission=\"0\" data-keyboard_friendly_form=\"0\" method=\"post\" enctype=\"multipart\/form-data\" action=\"\/index.php\/wp-json\/wp\/v2\/pages\/1808\"><div class=\"evf-field-container\"><input type=\"hidden\" id=\"_wpnonce1806\" name=\"_wpnonce1806\" value=\"88d593411c\" \/><input type=\"hidden\" name=\"_wp_http_referer\" value=\"\/index.php\/wp-json\/wp\/v2\/pages\/1808\" \/><div class=\"evf-frontend-row\" data-row=\"row_1\" conditional_rules=\"[]\"><div class=\"evf-frontend-grid evf-grid-2\" data-grid=\"grid_1\"><div id=\"evf-1806-field_fullname-container\" class=\"evf-field evf-field-text form-row validate-required\" data-required-field-message=\"This field is required.\" data-field-id=\"fullname\"><label class=\"evf-field-label\" for=\"evf-1806-field_fullname\"><span class=\"evf-label\">Nombre<\/span> <abbr class=\"required\" title=\"Obligatorio\">*<\/abbr><\/label><input type=\"text\" id=\"evf-1806-field_fullname\" class=\"input-text\" name=\"everest_forms[form_fields][fullname]\" required><\/div><div id=\"evf-1806-field_email-container\" class=\"evf-field evf-field-email form-row validate-required validate-email\" data-required-field-message=\"Please enter a valid email address.\" data-field-id=\"email\"><label class=\"evf-field-label\" for=\"evf-1806-field_email\"><span class=\"evf-label\">Correo<\/span> <abbr class=\"required\" title=\"Obligatorio\">*<\/abbr><\/label><input type=\"email\" id=\"evf-1806-field_email\" class=\"input-text\" name=\"everest_forms[form_fields][email]\" required ><\/div><\/div><div class=\"evf-frontend-grid evf-grid-2\" data-grid=\"grid_2\"><div id=\"evf-1806-field_a0Oul6rdAL-3-container\" class=\"evf-field evf-field-text form-row validate-required\" data-required-field-message=\"This field is required.\" data-field-id=\"a0Oul6rdAL-3\"><label class=\"evf-field-label\" for=\"evf-1806-field_a0Oul6rdAL-3\"><span class=\"evf-label\">Apellidos<\/span> <abbr class=\"required\" title=\"Obligatorio\">*<\/abbr><\/label><input type=\"text\" id=\"evf-1806-field_a0Oul6rdAL-3\" class=\"input-text\" name=\"everest_forms[form_fields][a0Oul6rdAL-3]\" required><\/div><div id=\"evf-1806-field_Iy9LgJJ7xi-4-container\" class=\"evf-field evf-field-text form-row validate-required\" data-required-field-message=\"This field is required.\" data-field-id=\"Iy9LgJJ7xi-4\"><label class=\"evf-field-label\" for=\"evf-1806-field_Iy9LgJJ7xi-4\"><span class=\"evf-label\">Tel\u00e9fono<\/span> <abbr class=\"required\" title=\"Obligatorio\">*<\/abbr><\/label><input type=\"text\" id=\"evf-1806-field_Iy9LgJJ7xi-4\" class=\"input-text\" name=\"everest_forms[form_fields][Iy9LgJJ7xi-4]\" required><\/div><\/div><\/div><div class=\"evf-frontend-row\" data-row=\"row_2\" conditional_rules=\"[]\"><div class=\"evf-frontend-grid evf-grid-1\" data-grid=\"grid_1\"><div id=\"evf-1806-field_U0Joxp60fr-8-container\" class=\"evf-field evf-field-select form-row validate-required\" data-required-field-message=\"This field is required.\" data-field-id=\"U0Joxp60fr-8\"><label class=\"evf-field-label\" for=\"evf-1806-field_U0Joxp60fr-8\"><span class=\"evf-label\">Selecciona el curso al que deseas inscribirte<\/span> <abbr class=\"required\" title=\"Obligatorio\">*<\/abbr><\/label><select id=\"evf-1806-field_U0Joxp60fr-8\" class=\"input-text evf-field-required\" name=\"everest_forms[form_fields][U0Joxp60fr-8]\" required=\"required\" ><option value=\"An\u00e1lisis y dise\u00f1o de losas en edificaciones\"  selected='selected'>An\u00e1lisis y dise\u00f1o de losas en edificaciones<\/option><option value=\"An\u00e1lisis de estructuras con elementos finitos\" >An\u00e1lisis de estructuras con elementos finitos<\/option><option value=\"An\u00e1lisis y dise\u00f1o de edificaciones con Etabs: nivel intermedio\" >An\u00e1lisis y dise\u00f1o de edificaciones con Etabs: nivel intermedio<\/option><option value=\"Taller de dise\u00f1o de edificio de Alba\u00f1iler\u00eda Estructural\" >Taller de dise\u00f1o de edificio de Alba\u00f1iler\u00eda Estructural<\/option><option value=\"An\u00e1lisis no lineal de edificaciones con Etabs: nivel avanzado\" >An\u00e1lisis no lineal de edificaciones con Etabs: nivel avanzado<\/option><option value=\"An\u00e1lisis de estructuras con Sap2000\" >An\u00e1lisis de estructuras con Sap2000<\/option><option value=\"Dise\u00f1o de estructuras de acero\" >Dise\u00f1o de estructuras de acero<\/option><\/select><\/div><div id=\"evf-1806-field_tiAPycK9XV-9-container\" class=\"evf-field evf-field-select form-row validate-required\" data-required-field-message=\"This field is required.\" data-field-id=\"tiAPycK9XV-9\"><label class=\"evf-field-label\" for=\"evf-1806-field_tiAPycK9XV-9\"><span class=\"evf-label\">Pa\u00eds de Residencia<\/span> <abbr class=\"required\" title=\"Obligatorio\">*<\/abbr><\/label><select id=\"evf-1806-field_tiAPycK9XV-9\" class=\"input-text evf-field-required\" name=\"everest_forms[form_fields][tiAPycK9XV-9]\" required=\"required\" ><option value=\"Per\u00fa\" >Per\u00fa<\/option><\/select><\/div><\/div><\/div><div class=\"evf-frontend-row\" data-row=\"row_3\" conditional_rules=\"[]\"><div class=\"evf-frontend-grid evf-grid-2\" data-grid=\"grid_1\"><div id=\"evf-1806-field_ZYPAH7giO1-12-container\" class=\"evf-field evf-field-select form-row\" data-field-id=\"ZYPAH7giO1-12\"><label class=\"evf-field-label\" for=\"evf-1806-field_ZYPAH7giO1-12\"><span class=\"evf-label\">Tipo de identificaci\u00f3n<\/span> <\/label><select id=\"evf-1806-field_ZYPAH7giO1-12\" class=\"input-text\" name=\"everest_forms[form_fields][ZYPAH7giO1-12]\" ><option value=\"DNI\" >DNI<\/option><option value=\"Pasaporte\" >Pasaporte<\/option><\/select><\/div><\/div><div class=\"evf-frontend-grid evf-grid-2\" data-grid=\"grid_2\"><div id=\"evf-1806-field_2UQIe9AgEw-11-container\" class=\"evf-field evf-field-text form-row validate-required\" data-required-field-message=\"This field is required.\" data-field-id=\"2UQIe9AgEw-11\"><label class=\"evf-field-label\" for=\"evf-1806-field_2UQIe9AgEw-11\"><span class=\"evf-label\">N\u00b0 Identificaci\u00f3n<\/span> <abbr class=\"required\" title=\"Obligatorio\">*<\/abbr><\/label><input type=\"text\" id=\"evf-1806-field_2UQIe9AgEw-11\" class=\"input-text\" name=\"everest_forms[form_fields][2UQIe9AgEw-11]\" required><\/div><\/div><\/div><\/div><div class=\"evf-honeypot-container evf-field-hp\"><label for=\"evf-1806-field-hp\" class=\"evf-field-label\">Comment<\/label><input type=\"text\" name=\"everest_forms[hp]\" id=\"evf-1806-field-hp\" class=\"input-text\"><\/div><div class=\"evf-submit-container \" ><input type=\"hidden\" name=\"everest_forms[id]\" value=\"1806\"><input type=\"hidden\" name=\"everest_forms[author]\" value=\"1\"><button type='submit' name='everest_forms[submit]' class='everest-forms-submit-button button evf-submit ' id='evf-submit-1806' value='evf-submit' data-process-text=\"Procesando ....\" conditional_rules='&quot;&quot;' conditional_id='evf-submit-1806'  id=\"evf-submit-1806\" aria-live=\"assertive\">Enviar<\/button><\/div><\/form><\/div><!-- .evf-container --><\/div> <\/div>\n\t\t\t\t<\/div>\n\t\t\t\t<\/div>\n\t\t\t\t\t<\/div>\n\t\t<\/div>\n\t\t\t\t\t<\/div>\n\t\t<\/section>\n\t\t\t\t<div class=\"elementor-element elementor-element-7611ecc elementor-widget elementor-widget-spacer\" data-id=\"7611ecc\" data-element_type=\"widget\" data-widget_type=\"spacer.default\">\n\t\t\t\t<div class=\"elementor-widget-container\">\n\t\t\t\t\t<div class=\"elementor-spacer\">\n\t\t\t<div class=\"elementor-spacer-inner\"><\/div>\n\t\t<\/div>\n\t\t\t\t<\/div>\n\t\t\t\t<\/div>\n\t\t\t\t<div class=\"elementor-element elementor-element-222c12c elementor-widget elementor-widget-spacer\" data-id=\"222c12c\" data-element_type=\"widget\" data-widget_type=\"spacer.default\">\n\t\t\t\t<div class=\"elementor-widget-container\">\n\t\t\t\t\t<div class=\"elementor-spacer\">\n\t\t\t<div class=\"elementor-spacer-inner\"><\/div>\n\t\t<\/div>\n\t\t\t\t<\/div>\n\t\t\t\t<\/div>\n\t\t\t\t\t<\/div>\n\t\t<\/div>\n\t\t\t\t\t<\/div>\n\t\t<\/section>\n\t\t\t\t<\/div>\n\t\t","protected":false},"excerpt":{"rendered":"<p>Completa el siguiente formulario para inscribierte en el curso que deseas y recibir\u00e1s un correo con los siguientes pasos. \u00a1Nos emociona conocerte!&#8221;><\/p>\n","protected":false},"author":1,"featured_media":0,"parent":0,"menu_order":0,"comment_status":"closed","ping_status":"closed","template":"page-templates\/pagebuilder.php","meta":{"footnotes":""},"jetpack_sharing_enabled":true,"_links":{"self":[{"href":"https:\/\/bajm-peru.com\/index.php\/wp-json\/wp\/v2\/pages\/1808"}],"collection":[{"href":"https:\/\/bajm-peru.com\/index.php\/wp-json\/wp\/v2\/pages"}],"about":[{"href":"https:\/\/bajm-peru.com\/index.php\/wp-json\/wp\/v2\/types\/page"}],"author":[{"embeddable":true,"href":"https:\/\/bajm-peru.com\/index.php\/wp-json\/wp\/v2\/users\/1"}],"replies":[{"embeddable":true,"href":"https:\/\/bajm-peru.com\/index.php\/wp-json\/wp\/v2\/comments?post=1808"}],"version-history":[{"count":7,"href":"https:\/\/bajm-peru.com\/index.php\/wp-json\/wp\/v2\/pages\/1808\/revisions"}],"predecessor-version":[{"id":1815,"href":"https:\/\/bajm-peru.com\/index.php\/wp-json\/wp\/v2\/pages\/1808\/revisions\/1815"}],"wp:attachment":[{"href":"https:\/\/bajm-peru.com\/index.php\/wp-json\/wp\/v2\/media?parent=1808"}],"curies":[{"name":"wp","href":"https:\/\/api.w.org\/{rel}","templated":true}]}}